{"id":54,"date":"2022-07-20T22:32:03","date_gmt":"2022-07-20T22:32:03","guid":{"rendered":"https:\/\/vincere.com.co\/?page_id=54"},"modified":"2022-07-21T20:06:40","modified_gmt":"2022-07-21T20:06:40","slug":"quienes-somos","status":"publish","type":"page","link":"https:\/\/vincere.com.co\/?page_id=54","title":{"rendered":"\u00bfQui\u00e9nes somos?"},"content":{"rendered":"<p>[et_pb_section fb_built=&#8221;1&#8243; _builder_version=&#8221;4.6.6&#8243; _module_preset=&#8221;default&#8221; null=&#8221;#2b87da&#8221; title_text=&#8221;COUNTER VINCERE LEGAL AND BUSINESS GROUP-06&#8243; custom_padding=&#8221;0px||223px|||&#8221; background_image=&#8221;https:\/\/vincere.com.co\/wp-content\/uploads\/2022\/07\/COUNTER-VINCERE-LEGAL-AND-BUSINESS-GROUP-06-e1658433702951.png&#8221; parallax=&#8221;on&#8221; hover_enabled=&#8221;0&#8243; sticky_enabled=&#8221;0&#8243;][\/et_pb_section][et_pb_section fb_built=&#8221;1&#8243; _builder_version=&#8221;4.6.6&#8243; _module_preset=&#8221;default&#8221;][et_pb_row _builder_version=&#8221;4.6.6&#8243; _module_preset=&#8221;default&#8221; column_structure=&#8221;1_2,1_2&#8243;][et_pb_column _builder_version=&#8221;4.6.6&#8243; _module_preset=&#8221;default&#8221; type=&#8221;1_2&#8243;][et_pb_text _builder_version=&#8221;4.6.6&#8243; _module_preset=&#8221;default&#8221; hover_enabled=&#8221;0&#8243; sticky_enabled=&#8221;0&#8243;]<\/p>\n<h1 style=\"text-align: center;\"><strong>\u00bfQui\u00e9nes somos?<\/strong><\/h1>\n<p>[\/et_pb_text][\/et_pb_column][et_pb_column _builder_version=&#8221;4.6.6&#8243; _module_preset=&#8221;default&#8221; type=&#8221;1_2&#8243;][et_pb_text _builder_version=&#8221;4.6.6&#8243; _module_preset=&#8221;default&#8221; hover_enabled=&#8221;0&#8243; sticky_enabled=&#8221;0&#8243;]<\/p>\n<p style=\"text-align: justify;\"><strong>VINCERE Legal &amp; Business Group <\/strong>es un grupo jur\u00eddico y de negocios encaminado en la b\u00fasqueda de soluciones jur\u00eddicas y econ\u00f3micas de la colectividad, bajo pilares \u00e9ticos y profesionales centrados en la experiencia, que busca brindar un servicio integral con calidad, respeto y responsabilidad, trabajando en pro de nuestros clientes, atendiendo a resultados favorables, que amparen su bienestar.<strong>\u00a0\u00a0\u00a0 <\/strong><\/p>\n<p>[\/et_pb_text][\/et_pb_column][\/et_pb_row][et_pb_row _builder_version=&#8221;4.6.6&#8243; _module_preset=&#8221;default&#8221; column_structure=&#8221;1_2,1_2&#8243;][et_pb_column _builder_version=&#8221;4.6.6&#8243; _module_preset=&#8221;default&#8221; type=&#8221;1_2&#8243;][et_pb_text _builder_version=&#8221;4.6.6&#8243; _module_preset=&#8221;default&#8221; hover_enabled=&#8221;0&#8243; sticky_enabled=&#8221;0&#8243;]<\/p>\n<h1 style=\"text-align: center;\"><strong>\u00bfQu\u00e9 Ofrecemos? <\/strong><\/h1>\n<p>[\/et_pb_text][\/et_pb_column][et_pb_column _builder_version=&#8221;4.6.6&#8243; _module_preset=&#8221;default&#8221; type=&#8221;1_2&#8243;][et_pb_text _builder_version=&#8221;4.6.6&#8243; _module_preset=&#8221;default&#8221; hover_enabled=&#8221;0&#8243; sticky_enabled=&#8221;0&#8243;]<\/p>\n<p style=\"text-align: justify;\">Atenci\u00f3n \u00e1gil y personalizada centrada en servicios de calidad, mediante procesos \u00e9ticos centrados en la experticia de un equipo especializado, por conducto de soluciones espec\u00edficas que atiendan a las necesidades de nuestros clientes, equiparando respuestas oportunas por intermedio de la innovaci\u00f3n e intercambio de conocimiento, tecnolog\u00eda, capacidad y dominio.\u00a0<\/p>\n<p>[\/et_pb_text][\/et_pb_column][\/et_pb_row][et_pb_row _builder_version=&#8221;4.6.6&#8243; _module_preset=&#8221;default&#8221; column_structure=&#8221;1_2,1_2&#8243;][et_pb_column _builder_version=&#8221;4.6.6&#8243; _module_preset=&#8221;default&#8221; type=&#8221;1_2&#8243;][et_pb_text _builder_version=&#8221;4.6.6&#8243; _module_preset=&#8221;default&#8221; hover_enabled=&#8221;0&#8243; sticky_enabled=&#8221;0&#8243;]<\/p>\n<h1 style=\"text-align: center;\"><strong>Nuestra misi\u00f3n.<\/strong><\/h1>\n<p>[\/et_pb_text][\/et_pb_column][et_pb_column _builder_version=&#8221;4.6.6&#8243; _module_preset=&#8221;default&#8221; type=&#8221;1_2&#8243;][et_pb_text _builder_version=&#8221;4.6.6&#8243; _module_preset=&#8221;default&#8221; hover_enabled=&#8221;0&#8243; sticky_enabled=&#8221;0&#8243;]<\/p>\n<p style=\"text-align: justify;\">Contribuir a la soluci\u00f3n de controversias generadas en cada una de las relaciones que se despliegan en la sociedad, mediante los campos de asesor\u00eda, investigaci\u00f3n y acci\u00f3n en manos de especialistas en las diferentes \u00e1reas del Derecho, en condiciones de alto impacto y calidad, generando en nuestros clientes confianza, comodidad y dominio, a trav\u00e9s de experiencia acreditada.<\/p>\n<p>[\/et_pb_text][\/et_pb_column][\/et_pb_row][et_pb_row _builder_version=&#8221;4.6.6&#8243; _module_preset=&#8221;default&#8221; column_structure=&#8221;1_2,1_2&#8243;][et_pb_column _builder_version=&#8221;4.6.6&#8243; _module_preset=&#8221;default&#8221; type=&#8221;1_2&#8243;][et_pb_text _builder_version=&#8221;4.6.6&#8243; _module_preset=&#8221;default&#8221; hover_enabled=&#8221;0&#8243; sticky_enabled=&#8221;0&#8243;]<\/p>\n<h1 style=\"text-align: center;\"><strong>Nuestra visi\u00f3n.<\/strong><\/h1>\n<p>[\/et_pb_text][\/et_pb_column][et_pb_column _builder_version=&#8221;4.6.6&#8243; _module_preset=&#8221;default&#8221; type=&#8221;1_2&#8243;][et_pb_text _builder_version=&#8221;4.6.6&#8243; _module_preset=&#8221;default&#8221; hover_enabled=&#8221;0&#8243; sticky_enabled=&#8221;0&#8243;]<\/p>\n<p style=\"text-align: justify;\">Convertirnos en un grupo de vencedores jur\u00eddicos y de negocios de referencia para el pa\u00eds y el mundo, en b\u00fasqueda de aportar en los procesos legales y comerciales en entornos din\u00e1micos, ligados a las relaciones interpersonales; apostando a la innovaci\u00f3n e intercambio de conocimiento, tecnolog\u00eda y pericia.<\/p>\n<p>[\/et_pb_text][\/et_pb_column][\/et_pb_row][\/et_pb_section]<\/p>\n","protected":false},"excerpt":{"rendered":"<p>[et_pb_section fb_built=&#8221;1&#8243; _builder_version=&#8221;4.6.6&#8243; _module_preset=&#8221;default&#8221; null=&#8221;#2b87da&#8221; title_text=&#8221;COUNTER VINCERE LEGAL AND BUSINESS GROUP-06&#8243; custom_padding=&#8221;0px||223px|||&#8221; background_image=&#8221;https:\/\/vincere.com.co\/wp-content\/uploads\/2022\/07\/COUNTER-VINCERE-LEGAL-AND-BUSINESS-GROUP-06-e1658433702951.png&#8221; parallax=&#8221;on&#8221; hover_enabled=&#8221;0&#8243; sticky_enabled=&#8221;0&#8243;][\/et_pb_section][et_pb_section fb_built=&#8221;1&#8243; _builder_version=&#8221;4.6.6&#8243; _module_preset=&#8221;default&#8221;][et_pb_row _builder_version=&#8221;4.6.6&#8243; _module_preset=&#8221;default&#8221; column_structure=&#8221;1_2,1_2&#8243;][et_pb_column _builder_version=&#8221;4.6.6&#8243; _module_preset=&#8221;default&#8221; type=&#8221;1_2&#8243;][et_pb_text _builder_version=&#8221;4.6.6&#8243; _module_preset=&#8221;default&#8221; hover_enabled=&#8221;0&#8243; sticky_enabled=&#8221;0&#8243;] \u00bfQui\u00e9nes somos? [\/et_pb_text][\/et_pb_column][et_pb_column _builder_version=&#8221;4.6.6&#8243; _module_preset=&#8221;default&#8221; type=&#8221;1_2&#8243;][et_pb_text _builder_version=&#8221;4.6.6&#8243; _module_preset=&#8221;default&#8221; hover_enabled=&#8221;0&#8243; sticky_enabled=&#8221;0&#8243;] VINCERE Legal &amp; Business Group es un grupo jur\u00eddico y de negocios encaminado en la b\u00fasqueda [&hellip;]<\/p>\n","protected":false},"author":1,"featured_media":0,"parent":0,"menu_order":0,"comment_status":"closed","ping_status":"closed","template":"","meta":{"_et_pb_use_builder":"on","_et_pb_old_content":"","_et_gb_content_width":"","footnotes":""},"class_list":["post-54","page","type-page","status-publish","hentry"],"_links":{"self":[{"href":"https:\/\/vincere.com.co\/index.php?rest_route=\/wp\/v2\/pages\/54","targetHints":{"allow":["GET"]}}],"collection":[{"href":"https:\/\/vincere.com.co\/index.php?rest_route=\/wp\/v2\/pages"}],"about":[{"href":"https:\/\/vincere.com.co\/index.php?rest_route=\/wp\/v2\/types\/page"}],"author":[{"embeddable":true,"href":"https:\/\/vincere.com.co\/index.php?rest_route=\/wp\/v2\/users\/1"}],"replies":[{"embeddable":true,"href":"https:\/\/vincere.com.co\/index.php?rest_route=%2Fwp%2Fv2%2Fcomments&post=54"}],"version-history":[{"count":9,"href":"https:\/\/vincere.com.co\/index.php?rest_route=\/wp\/v2\/pages\/54\/revisions"}],"predecessor-version":[{"id":115,"href":"https:\/\/vincere.com.co\/index.php?rest_route=\/wp\/v2\/pages\/54\/revisions\/115"}],"wp:attachment":[{"href":"https:\/\/vincere.com.co\/index.php?rest_route=%2Fwp%2Fv2%2Fmedia&parent=54"}],"curies":[{"name":"wp","href":"https:\/\/api.w.org\/{rel}","templated":true}]}}