{"id":58,"date":"2022-07-20T22:33:40","date_gmt":"2022-07-20T22:33:40","guid":{"rendered":"https:\/\/vincere.com.co\/?page_id=58"},"modified":"2023-01-30T14:45:16","modified_gmt":"2023-01-30T14:45:16","slug":"portafolio-de-servicios","status":"publish","type":"page","link":"https:\/\/vincere.com.co\/?page_id=58","title":{"rendered":"Portafolio de servicios"},"content":{"rendered":"<p>[et_pb_section fb_built=&#8221;1&#8243; _builder_version=&#8221;4.6.6&#8243; _module_preset=&#8221;default&#8221; background_enable_image=&#8221;off&#8221; parallax=&#8221;on&#8221;][et_pb_row _builder_version=&#8221;4.6.6&#8243; _module_preset=&#8221;default&#8221;][et_pb_column type=&#8221;4_4&#8243; _builder_version=&#8221;4.6.6&#8243; _module_preset=&#8221;default&#8221;][et_pb_text _builder_version=&#8221;4.6.6&#8243; _module_preset=&#8221;default&#8221;]<\/p>\n<h1 style=\"text-align: center;\"><strong>PORTAFOLIO DE SERVICIOS<\/strong><\/h1>\n<p>[\/et_pb_text][\/et_pb_column][\/et_pb_row][\/et_pb_section][et_pb_section fb_built=&#8221;1&#8243; _builder_version=&#8221;4.6.6&#8243; _module_preset=&#8221;default&#8221; background_image=&#8221;https:\/\/vincere.com.co\/wp-content\/uploads\/2022\/10\/BANNER-DERECHO-ECONOMICO.jpg&#8221; parallax=&#8221;on&#8221; parallax_method=&#8221;off&#8221; box_shadow_style=&#8221;preset3&#8243;][et_pb_row module_id=&#8221;derecho_economico&#8221; _builder_version=&#8221;4.6.6&#8243; _module_preset=&#8221;default&#8221;][et_pb_column type=&#8221;4_4&#8243; _builder_version=&#8221;4.6.6&#8243; _module_preset=&#8221;default&#8221;][et_pb_text module_id=&#8221;derecho_economico&#8221; _builder_version=&#8221;4.6.6&#8243; _module_preset=&#8221;default&#8221;]<\/p>\n<h1 style=\"text-align: center;\"><span style=\"color: #ffffff;\"><strong>Derecho Econ\u00f3mico y de la Empresa<\/strong><\/span><\/h1>\n<p>[\/et_pb_text][\/et_pb_column][\/et_pb_row][\/et_pb_section][et_pb_section fb_built=&#8221;1&#8243; _builder_version=&#8221;4.6.6&#8243; _module_preset=&#8221;default&#8221;][et_pb_row column_structure=&#8221;1_2,1_2&#8243; _builder_version=&#8221;4.6.6&#8243; _module_preset=&#8221;default&#8221; animation_style=&#8221;fade&#8221;][et_pb_column type=&#8221;1_2&#8243; _builder_version=&#8221;4.6.6&#8243; _module_preset=&#8221;default&#8221;][et_pb_text _builder_version=&#8221;4.6.6&#8243; _module_preset=&#8221;default&#8221;]<\/p>\n<p style=\"text-align: justify;\"><span style=\"color: #000000;\">En <strong>VINCERE Legal &amp; Business Group <\/strong>asesoramos a su entidad y\/o empresa para la toma de decisiones y resoluci\u00f3n objetiva de conflictos generados a partir del desarrollo de sus relaciones econ\u00f3micas. En tal sentido, nuestros servicios est\u00e1n enfocados en brindar respaldo y seguridad a nuestros clientes p\u00fablicos o privados a trav\u00e9s de, por un lado, la <strong>asesor\u00eda<\/strong> preventiva y correctiva as\u00ed como la <strong>consultor\u00eda<\/strong>, para que sus decisiones empresariales y misionales se ajusten al ordenamiento jur\u00eddico vigente y persigan los fines de la empresa o entidad p\u00fablica o privada que nos contrata, y, por otro lado, a trav\u00e9s de la <strong>representaci\u00f3n judicial<\/strong> en casos en los que se controviertan las decisiones de \u00edndole econ\u00f3mico de nuestros clientes. De esta manera, nuestros servicios abarcan conocimientos especializados en:<\/span><\/p>\n<p style=\"text-align: justify;\">\n<ul>\n<li style=\"text-align: justify;\"><span style=\"color: #000000;\">R\u00e9gimen de hacienda y presupuesto p\u00fablico.<\/span><\/li>\n<li style=\"text-align: justify;\"><span style=\"color: #000000;\">Derecho tributario.<\/span><\/li>\n<li style=\"text-align: justify;\"><span style=\"color: #000000;\">Derecho de la competencia.<\/span><\/li>\n<li style=\"text-align: justify;\"><span style=\"color: #000000;\">Derecho del consumo.<\/span><\/li>\n<li style=\"text-align: justify;\"><span style=\"color: #000000;\">Derecho financiero y protecci\u00f3n al consumidor financiero, entre otros.<\/span><\/li>\n<li style=\"text-align: justify;\"><span style=\"color: #000000;\">En <strong>VINCERE Legal &amp; Business Group <\/strong>contamos con profesionales expertos y de las m\u00e1s altas calidades personales y profesionales en asuntos de r\u00e9gimen econ\u00f3mico p\u00fablico y privado, por lo que nos constituimos como <strong>la \u00fanica firma de la regi\u00f3n<\/strong> <strong>especializada<\/strong> en esta amplia rama del derecho que integra tanto conocimientos jur\u00eddicos como econ\u00f3micos, lo que nos hace diferentes a las dem\u00e1s firmas y profesionales del derecho que prestan sus servicios en la regi\u00f3n.<\/span><\/li>\n<\/ul>\n<p>[\/et_pb_text][\/et_pb_column][et_pb_column type=&#8221;1_2&#8243; _builder_version=&#8221;4.6.6&#8243; _module_preset=&#8221;default&#8221;][et_pb_image src=&#8221;https:\/\/vincere.com.co\/wp-content\/uploads\/2022\/10\/V1_PUBLICACION-ABOGADO-RUBEN.png&#8221; title_text=&#8221;V1_PUBLICACI\u00d3N ABOGADO RUBEN&#8221; url=&#8221;tel:\/\/3132582641&#8243; align=&#8221;center&#8221; _builder_version=&#8221;4.6.6&#8243; _module_preset=&#8221;default&#8221;][\/et_pb_image][\/et_pb_column][\/et_pb_row][\/et_pb_section][et_pb_section fb_built=&#8221;1&#8243; _builder_version=&#8221;4.6.6&#8243; _module_preset=&#8221;default&#8221; background_image=&#8221;https:\/\/vincere.com.co\/wp-content\/uploads\/2022\/10\/BANNER-TRIBUTARIA-.jpg&#8221; parallax=&#8221;on&#8221; parallax_method=&#8221;off&#8221; box_shadow_style=&#8221;preset3&#8243;][et_pb_row module_id=&#8221;derecho_tributario&#8221; _builder_version=&#8221;4.6.6&#8243; _module_preset=&#8221;default&#8221;][et_pb_column type=&#8221;4_4&#8243; _builder_version=&#8221;4.6.6&#8243; _module_preset=&#8221;default&#8221;][et_pb_text module_id=&#8221;derecho_tributario&#8221; _builder_version=&#8221;4.6.6&#8243; _module_preset=&#8221;default&#8221;]<\/p>\n<h1 style=\"text-align: center;\"><span style=\"color: #ffffff;\"><strong>Derecho Tributario<\/strong><\/span><\/h1>\n<p>[\/et_pb_text][\/et_pb_column][\/et_pb_row][\/et_pb_section][et_pb_section fb_built=&#8221;1&#8243; _builder_version=&#8221;4.6.6&#8243; _module_preset=&#8221;default&#8221;][et_pb_row column_structure=&#8221;1_2,1_2&#8243; _builder_version=&#8221;4.6.6&#8243; _module_preset=&#8221;default&#8221; animation_style=&#8221;fade&#8221;][et_pb_column type=&#8221;1_2&#8243; _builder_version=&#8221;4.6.6&#8243; _module_preset=&#8221;default&#8221;][et_pb_text _builder_version=&#8221;4.6.6&#8243; _module_preset=&#8221;default&#8221;]<\/p>\n<p style=\"text-align: justify;\">En <strong>Vincere Legal &amp; Business Group <\/strong>conocemos la importancia de la optimizaci\u00f3n de tus recursos y de tus utilidades personales y empresariales, por ello, una adecuada asesor\u00eda y planeaci\u00f3n tributaria ser\u00e1n fundamentales para incrementar sus ingresos.<\/p>\n<p style=\"text-align: justify;\">\n<p style=\"text-align: justify;\">As\u00ed las cosas, en Vincere encontrar\u00e1 respaldo, asesor\u00eda y representaci\u00f3n judicial y extrajudicial en temas tributarios de trascendencia econ\u00f3mica para sus finanzas personales y empresariales. De esta manera encontrar\u00e1 un gran aliado especializado para contestar y controvertir decisiones de la Administraci\u00f3n Tributaria que no le sean favorables.<\/p>\n<p style=\"text-align: justify;\">\n<p style=\"text-align: justify;\">As\u00ed mismo, recibir\u00e1 orientaci\u00f3n y consultor\u00eda sobre el cumplimiento de sus obligaciones en materia de impuestos conforme al ordenamiento jur\u00eddico vigente.<\/p>\n<p style=\"text-align: justify;\">\n<p style=\"text-align: justify;\">\n<p style=\"text-align: justify;\">De esta manera, nuestros servicios abarcan conocimientos especializados en:<\/p>\n<p style=\"text-align: justify;\">\n<ul style=\"text-align: justify;\">\n<li>Procesos de fiscalizaci\u00f3n, liquidaci\u00f3n y discusi\u00f3n de tributos.<\/li>\n<li>Cobro coactivo.<\/li>\n<li>Planeaci\u00f3n estrat\u00e9gica tributaria.<\/li>\n<li>Contestaci\u00f3n y representaci\u00f3n de la actividad sancionatoria de la Administraci\u00f3n Tributaria.<\/li>\n<li>Due diligence Tributario.<\/li>\n<li>An\u00e1lisis del impacto tributario en finanzas personales y empresariales.<\/li>\n<li>Representaci\u00f3n jur\u00eddica en procesos judiciales en materia tributaria.<\/li>\n<\/ul>\n<p style=\"text-align: justify;\">\n<p style=\"text-align: justify;\">En <strong>Vincere Legal &amp; Business Group <\/strong>contamos con profesionales expertos y de las m\u00e1s altas calidades personales y profesionales en asuntos tributarios por lo que nos constituimos como <strong>la \u00fanica firma de la regi\u00f3n<\/strong> <strong>especializada<\/strong> en esta rama del Derecho que integra tanto conocimientos jur\u00eddicos como econ\u00f3micos, lo que nos hace diferentes a las dem\u00e1s firmas y profesionales del Derecho que prestan sus servicios en la regi\u00f3n.<\/p>\n<p>[\/et_pb_text][\/et_pb_column][et_pb_column type=&#8221;1_2&#8243; _builder_version=&#8221;4.6.6&#8243; _module_preset=&#8221;default&#8221;][et_pb_image src=&#8221;https:\/\/vincere.com.co\/wp-content\/uploads\/2022\/10\/V7_PUBLICACION-DECLARACION.png&#8221; title_text=&#8221;V7_PUBLICACI\u00d3N DECLARACI\u00d3N&#8221; url=&#8221;tel:\/\/3132582641&#8243; align=&#8221;center&#8221; _builder_version=&#8221;4.6.6&#8243; _module_preset=&#8221;default&#8221;][\/et_pb_image][\/et_pb_column][\/et_pb_row][\/et_pb_section][et_pb_section fb_built=&#8221;1&#8243; module_id=&#8221;derecho_administrativo&#8221; _builder_version=&#8221;4.6.6&#8243; _module_preset=&#8221;default&#8221; background_image=&#8221;https:\/\/vincere.com.co\/wp-content\/uploads\/2022\/10\/BANNER-DERCHO-ADMINISTRATIVO.jpg&#8221; parallax=&#8221;on&#8221; parallax_method=&#8221;off&#8221; box_shadow_style=&#8221;preset3&#8243;][et_pb_row _builder_version=&#8221;4.6.6&#8243; _module_preset=&#8221;default&#8221;][et_pb_column type=&#8221;4_4&#8243; _builder_version=&#8221;4.6.6&#8243; _module_preset=&#8221;default&#8221;][et_pb_text _builder_version=&#8221;4.6.6&#8243; _module_preset=&#8221;default&#8221;]<\/p>\n<h1 style=\"text-align: center;\"><span style=\"color: #ffffff;\"><strong>Derecho Administrativo<\/strong><\/span><\/h1>\n<p>[\/et_pb_text][\/et_pb_column][\/et_pb_row][\/et_pb_section][et_pb_section fb_built=&#8221;1&#8243; _builder_version=&#8221;4.6.6&#8243; _module_preset=&#8221;default&#8221;][et_pb_row column_structure=&#8221;1_2,1_2&#8243; _builder_version=&#8221;4.6.6&#8243; _module_preset=&#8221;default&#8221; animation_style=&#8221;fade&#8221;][et_pb_column type=&#8221;1_2&#8243; _builder_version=&#8221;4.6.6&#8243; _module_preset=&#8221;default&#8221;][et_pb_text _builder_version=&#8221;4.6.6&#8243; _module_preset=&#8221;default&#8221;]<\/p>\n<p  id=\"derechoadministrativo\" style=\"text-align: justify;\">Las relaciones entre los particulares y el Estado suelen tornarse bastante complejas, por ende se requiere de profesionales id\u00f3neos para el manejo oportuno y diligente de dichas relaciones, basados en las normas vigentes y las disposiciones jurisprudencial del H. Consejo de Estado, por ello, <strong>VINCERE Legal &amp; Bussines Group<\/strong> asesora y litiga en procesos contencioso administrativos en procura de la defensa de derechos fundamentales y patrimoniales tanto de los ciudadanos Colombianos y residentes como de las Instituciones P\u00fablicas del Estado Colombiano.<\/p>\n<p>Actualmente, los Organismos de Control ejercen vigilancia exhaustiva a las distintas actuaciones del ente p\u00fablico, lo que puede desencadenar en contra de los Alcaldes, Gobernadores, y en general frente los ordenares del gasto la apertura de procesos disciplinarios, fiscales, penales y administrativos, es as\u00ed como el grupo de profesionales de <strong>VINCERE Legal &amp; Bussines Group<\/strong> asesora de manera integral, basados principalmente en los conocimientos jur\u00eddicos y la \u00e9tica profesional.<\/p>\n<p>Hoy en d\u00eda, la Jurisprudencia Contenciosa Administrativa fundamentalmente en materia de Responsabilidad del Estado se encuentra en constante cambio, lo cual exige a nuestra empresa a prestar un servicio que genere confianza a nuestros clientes para hacer cada d\u00eda m\u00e1s arm\u00f3nicas las relaciones entre la administraci\u00f3n y los administrados.<\/p>\n<p><strong>VINCERE Legal &amp; Bussines Group<\/strong> realiza asesor\u00edas jur\u00eddicas preventivas y an\u00e1lisis jur\u00eddicos de las actuaciones p\u00fablicas.[\/et_pb_text][\/et_pb_column][et_pb_column type=&#8221;1_2&#8243; _builder_version=&#8221;4.6.6&#8243; _module_preset=&#8221;default&#8221;][et_pb_image src=&#8221;https:\/\/vincere.com.co\/wp-content\/uploads\/2023\/01\/portafolio-galvis_Mesa-de-trabajo-1.png&#8221; title_text=&#8221;portafolio galvis_Mesa de trabajo 1&#8243; url=&#8221;tel:\/\/3132582641&#8243; _builder_version=&#8221;4.6.6&#8243; _module_preset=&#8221;default&#8221; hover_enabled=&#8221;0&#8243; sticky_enabled=&#8221;0&#8243;][\/et_pb_image][\/et_pb_column][\/et_pb_row][\/et_pb_section][et_pb_section fb_built=&#8221;1&#8243; module_id=&#8221;contratacion_publica&#8221; _builder_version=&#8221;4.6.6&#8243; _module_preset=&#8221;default&#8221; background_image=&#8221;https:\/\/vincere.com.co\/wp-content\/uploads\/2022\/10\/BANNER-CONTRATACION-PUBLICA-Y-PRIVADA.jpg&#8221; parallax=&#8221;on&#8221; parallax_method=&#8221;off&#8221; box_shadow_style=&#8221;preset3&#8243;][et_pb_row _builder_version=&#8221;4.6.6&#8243; _module_preset=&#8221;default&#8221;][et_pb_column type=&#8221;4_4&#8243; _builder_version=&#8221;4.6.6&#8243; _module_preset=&#8221;default&#8221;][et_pb_text _builder_version=&#8221;4.6.6&#8243; _module_preset=&#8221;default&#8221;]<\/p>\n<h1 style=\"text-align: center;\"><span style=\"color: #ffffff;\"><strong>Contrataci\u00f3n P\u00fablica y Privada<\/strong><\/span><\/h1>\n<p>[\/et_pb_text][\/et_pb_column][\/et_pb_row][\/et_pb_section][et_pb_section fb_built=&#8221;1&#8243; _builder_version=&#8221;4.6.6&#8243; _module_preset=&#8221;default&#8221;][et_pb_row column_structure=&#8221;1_2,1_2&#8243; _builder_version=&#8221;4.6.6&#8243; _module_preset=&#8221;default&#8221; animation_style=&#8221;fade&#8221;][et_pb_column type=&#8221;1_2&#8243; _builder_version=&#8221;4.6.6&#8243; _module_preset=&#8221;default&#8221;][et_pb_text _builder_version=&#8221;4.6.6&#8243; _module_preset=&#8221;default&#8221;]<\/p>\n<p style=\"text-align: justify;\">En<strong> VINCERE Legal &amp; Bussines Group <\/strong>encontrar\u00e1 la asesor\u00eda y representaci\u00f3n adecuada en los procesos y formas de contrataci\u00f3n a nivel estatal y privado, lo que implica un amplio conocimiento en las estrategias y herramientas jur\u00eddicas utilizadas que generan rentabilidad al momento de obligarse contractualmente.<\/p>\n<p style=\"text-align: justify;\"><strong>\u00a0<\/strong><\/p>\n<p style=\"text-align: justify;\"><strong>VINCERE Legal &amp; Bussines Group <\/strong>con su sentido cr\u00edtico y vencedor, lo representar\u00e1 en las diferencias que eventualmente puedan surgir en los procesos de contrataci\u00f3n privada y p\u00fablica.<\/p>\n<p>[\/et_pb_text][\/et_pb_column][et_pb_column type=&#8221;1_2&#8243; _builder_version=&#8221;4.6.6&#8243; _module_preset=&#8221;default&#8221;][et_pb_image src=&#8221;https:\/\/vincere.com.co\/wp-content\/uploads\/2022\/10\/V3_PUBLICACION-ABOGADA-LAURA.png&#8221; title_text=&#8221;V3_PUBLICACI\u00d3N ABOGADA LAURA&#8221; url=&#8221;tel:\/\/3132582641&#8243; align=&#8221;center&#8221; _builder_version=&#8221;4.6.6&#8243; _module_preset=&#8221;default&#8221;][\/et_pb_image][\/et_pb_column][\/et_pb_row][\/et_pb_section][et_pb_section fb_built=&#8221;1&#8243; module_id=&#8221;derecho_privado&#8221; _builder_version=&#8221;4.6.6&#8243; _module_preset=&#8221;default&#8221; background_image=&#8221;https:\/\/vincere.com.co\/wp-content\/uploads\/2022\/10\/BANNER-DERECHO-PRIVADO.jpg&#8221; parallax=&#8221;on&#8221; parallax_method=&#8221;off&#8221; box_shadow_style=&#8221;preset3&#8243;][et_pb_row _builder_version=&#8221;4.6.6&#8243; _module_preset=&#8221;default&#8221;][et_pb_column type=&#8221;4_4&#8243; _builder_version=&#8221;4.6.6&#8243; _module_preset=&#8221;default&#8221;][et_pb_text _builder_version=&#8221;4.6.6&#8243; _module_preset=&#8221;default&#8221;]<\/p>\n<h1 style=\"text-align: center;\"><strong><span style=\"color: #ffffff;\">Derecho Privado<\/span><\/strong><\/h1>\n<p>[\/et_pb_text][\/et_pb_column][\/et_pb_row][\/et_pb_section][et_pb_section fb_built=&#8221;1&#8243; _builder_version=&#8221;4.6.6&#8243; _module_preset=&#8221;default&#8221;][et_pb_row column_structure=&#8221;1_2,1_2&#8243; _builder_version=&#8221;4.6.6&#8243; _module_preset=&#8221;default&#8221; animation_style=&#8221;fade&#8221;][et_pb_column type=&#8221;1_2&#8243; _builder_version=&#8221;4.6.6&#8243; _module_preset=&#8221;default&#8221;][et_pb_text _builder_version=&#8221;4.6.6&#8243; _module_preset=&#8221;default&#8221;]<\/p>\n<p style=\"text-align: justify;\">Los conflictos generados entre particulares requieren de la asesor\u00eda especializada de profesionales que defiendan sus intereses jur\u00eddicos y patrimoniales. Por lo anterior, en <strong>VINCERE Legal &amp; Business Group <\/strong>contamos con profesionales expertos en el conocimiento y pr\u00e1ctica del derecho privado, que le ayudar\u00e1n a resolver los conflictos jur\u00eddicos que tenga con otros particulares, de la manera que m\u00e1s favorezca a sus intereses, cumpliendo siempre el ordenamiento jur\u00eddico y asegurando el mayor esmero profesional en la defensa de sus derechos.<\/p>\n<p style=\"text-align: justify;\">\n<p style=\"text-align: justify;\"><strong>VINCERE Legal &amp; Business Group <\/strong>lo asesora y\/o representa para evitar conflictos entre sus intereses y los de terceros y, en caso de existencia de tales conflictos, lo defiende en escenarios judiciales y extrajudiciales para que sus derechos no se vean limitados o eliminados.<\/p>\n<p>[\/et_pb_text][\/et_pb_column][et_pb_column type=&#8221;1_2&#8243; _builder_version=&#8221;4.6.6&#8243; _module_preset=&#8221;default&#8221;][et_pb_image src=&#8221;https:\/\/vincere.com.co\/wp-content\/uploads\/2023\/01\/sin-galvis_Mesa-de-trabajo-1.png&#8221; title_text=&#8221;sin galvis_Mesa de trabajo 1&#8243; url=&#8221;tel:\/\/3132582641&#8243; align=&#8221;center&#8221; _builder_version=&#8221;4.6.6&#8243; _module_preset=&#8221;default&#8221; hover_enabled=&#8221;0&#8243; sticky_enabled=&#8221;0&#8243;][\/et_pb_image][\/et_pb_column][\/et_pb_row][\/et_pb_section][et_pb_section fb_built=&#8221;1&#8243; module_id=&#8221;responsabilidad_publica_y_privada&#8221; _builder_version=&#8221;4.6.6&#8243; _module_preset=&#8221;default&#8221; background_image=&#8221;https:\/\/vincere.com.co\/wp-content\/uploads\/2022\/10\/BANNER-RESPONSABILIDAD-PUBLICA-Y-PRIVADA.jpg&#8221; parallax=&#8221;on&#8221; parallax_method=&#8221;off&#8221; box_shadow_style=&#8221;preset3&#8243;][et_pb_row _builder_version=&#8221;4.6.6&#8243; _module_preset=&#8221;default&#8221;][et_pb_column type=&#8221;4_4&#8243; _builder_version=&#8221;4.6.6&#8243; _module_preset=&#8221;default&#8221;][et_pb_text _builder_version=&#8221;4.6.6&#8243; _module_preset=&#8221;default&#8221;]<\/p>\n<h1 style=\"text-align: center;\"><span style=\"color: #ffffff;\"><strong>Responsabilidad P\u00fablica y Privada<\/strong><\/span><\/h1>\n<p>[\/et_pb_text][\/et_pb_column][\/et_pb_row][\/et_pb_section][et_pb_section fb_built=&#8221;1&#8243; _builder_version=&#8221;4.6.6&#8243; _module_preset=&#8221;default&#8221;][et_pb_row column_structure=&#8221;1_2,1_2&#8243; _builder_version=&#8221;4.6.6&#8243; _module_preset=&#8221;default&#8221; animation_style=&#8221;fade&#8221;][et_pb_column type=&#8221;1_2&#8243; _builder_version=&#8221;4.6.6&#8243; _module_preset=&#8221;default&#8221;][et_pb_text _builder_version=&#8221;4.6.6&#8243; _module_preset=&#8221;default&#8221;]<\/p>\n<p style=\"text-align: justify;\">El desarrollo de actividades cotidianas lleva consigo un riesgo impl\u00edcito que nos confronta con la posibilidad de sufrir da\u00f1os. Cuando estos da\u00f1os o alteraciones a los intereses jur\u00eddicos y patrimoniales de un sujeto de derecho se generan por un tercero, ya sea directa o indirectamente, y la v\u00edctima que lo sufre no est\u00e1 obligada a soportarlo, surge a cargo del causante del da\u00f1o la obligaci\u00f3n de indemnizar.<\/p>\n<p style=\"text-align: justify;\">\n<p style=\"text-align: justify;\"><strong>VINCERE Legal &amp; Business Group <\/strong>lo asesora y representa para que su pretensi\u00f3n indemnizatoria en contra del causante del da\u00f1o prospere y, con ello, se protejan sus intereses jur\u00eddicos y sus derechos patrimoniales, o, en caso de no existir obligaci\u00f3n de indemnizaci\u00f3n, lo representa para defender sus intereses y de esta manera evitar que sea condenado al pago de una indemnizaci\u00f3n que no encuentra justificaci\u00f3n legal.<\/p>\n<p style=\"text-align: justify;\">\n<p style=\"text-align: justify;\">En tal sentido, somos expertos en la defensa judicial de las partes involucradas en la causaci\u00f3n de da\u00f1os, ya sea por responsabilidad de una entidad estatal o por responsabilidad de particulares.<\/p>\n<p>[\/et_pb_text][\/et_pb_column][et_pb_column type=&#8221;1_2&#8243; _builder_version=&#8221;4.6.6&#8243; _module_preset=&#8221;default&#8221;][et_pb_image src=&#8221;https:\/\/vincere.com.co\/wp-content\/uploads\/2022\/10\/V6_PUBLICACION-CONFLICTOS-DE-INTERESES-1.png&#8221; title_text=&#8221;V6_PUBLICACI\u00d3N CONFLICTOS DE INTERESES (1)&#8221; url=&#8221;tel:\/\/3132582641&#8243; align=&#8221;center&#8221; _builder_version=&#8221;4.6.6&#8243; _module_preset=&#8221;default&#8221;][\/et_pb_image][\/et_pb_column][\/et_pb_row][\/et_pb_section]<\/p>\n","protected":false},"excerpt":{"rendered":"<p>[et_pb_section fb_built=&#8221;1&#8243; _builder_version=&#8221;4.6.6&#8243; _module_preset=&#8221;default&#8221; background_enable_image=&#8221;off&#8221; parallax=&#8221;on&#8221;][et_pb_row _builder_version=&#8221;4.6.6&#8243; _module_preset=&#8221;default&#8221;][et_pb_column type=&#8221;4_4&#8243; _builder_version=&#8221;4.6.6&#8243; _module_preset=&#8221;default&#8221;][et_pb_text _builder_version=&#8221;4.6.6&#8243; _module_preset=&#8221;default&#8221;] PORTAFOLIO DE SERVICIOS [\/et_pb_text][\/et_pb_column][\/et_pb_row][\/et_pb_section][et_pb_section fb_built=&#8221;1&#8243; _builder_version=&#8221;4.6.6&#8243; _module_preset=&#8221;default&#8221; background_image=&#8221;https:\/\/vincere.com.co\/wp-content\/uploads\/2022\/10\/BANNER-DERECHO-ECONOMICO.jpg&#8221; parallax=&#8221;on&#8221; parallax_method=&#8221;off&#8221; box_shadow_style=&#8221;preset3&#8243;][et_pb_row module_id=&#8221;derecho_economico&#8221; _builder_version=&#8221;4.6.6&#8243; _module_preset=&#8221;default&#8221;][et_pb_column type=&#8221;4_4&#8243; _builder_version=&#8221;4.6.6&#8243; _module_preset=&#8221;default&#8221;][et_pb_text module_id=&#8221;derecho_economico&#8221; _builder_version=&#8221;4.6.6&#8243; _module_preset=&#8221;default&#8221;] Derecho Econ\u00f3mico y de la Empresa [\/et_pb_text][\/et_pb_column][\/et_pb_row][\/et_pb_section][et_pb_section fb_built=&#8221;1&#8243; _builder_version=&#8221;4.6.6&#8243; _module_preset=&#8221;default&#8221;][et_pb_row column_structure=&#8221;1_2,1_2&#8243; _builder_version=&#8221;4.6.6&#8243; _module_preset=&#8221;default&#8221; animation_style=&#8221;fade&#8221;][et_pb_column type=&#8221;1_2&#8243; _builder_version=&#8221;4.6.6&#8243; _module_preset=&#8221;default&#8221;][et_pb_text _builder_version=&#8221;4.6.6&#8243; _module_preset=&#8221;default&#8221;] En VINCERE Legal [&hellip;]<\/p>\n","protected":false},"author":1,"featured_media":0,"parent":0,"menu_order":0,"comment_status":"closed","ping_status":"closed","template":"","meta":{"_et_pb_use_builder":"on","_et_pb_old_content":"","_et_gb_content_width":"","footnotes":""},"class_list":["post-58","page","type-page","status-publish","hentry"],"_links":{"self":[{"href":"https:\/\/vincere.com.co\/index.php?rest_route=\/wp\/v2\/pages\/58","targetHints":{"allow":["GET"]}}],"collection":[{"href":"https:\/\/vincere.com.co\/index.php?rest_route=\/wp\/v2\/pages"}],"about":[{"href":"https:\/\/vincere.com.co\/index.php?rest_route=\/wp\/v2\/types\/page"}],"author":[{"embeddable":true,"href":"https:\/\/vincere.com.co\/index.php?rest_route=\/wp\/v2\/users\/1"}],"replies":[{"embeddable":true,"href":"https:\/\/vincere.com.co\/index.php?rest_route=%2Fwp%2Fv2%2Fcomments&post=58"}],"version-history":[{"count":67,"href":"https:\/\/vincere.com.co\/index.php?rest_route=\/wp\/v2\/pages\/58\/revisions"}],"predecessor-version":[{"id":300,"href":"https:\/\/vincere.com.co\/index.php?rest_route=\/wp\/v2\/pages\/58\/revisions\/300"}],"wp:attachment":[{"href":"https:\/\/vincere.com.co\/index.php?rest_route=%2Fwp%2Fv2%2Fmedia&parent=58"}],"curies":[{"name":"wp","href":"https:\/\/api.w.org\/{rel}","templated":true}]}}