{"id":66,"date":"2022-07-20T22:36:43","date_gmt":"2022-07-20T22:36:43","guid":{"rendered":"https:\/\/vincere.com.co\/?page_id=66"},"modified":"2023-01-30T15:48:57","modified_gmt":"2023-01-30T15:48:57","slug":"valores-corporativos","status":"publish","type":"page","link":"https:\/\/vincere.com.co\/?page_id=66","title":{"rendered":"Valores corporativos"},"content":{"rendered":"<p>[et_pb_section fb_built=&#8221;1&#8243; _builder_version=&#8221;4.6.6&#8243; _module_preset=&#8221;default&#8221; background_image=&#8221;https:\/\/vincere.com.co\/wp-content\/uploads\/2022\/07\/COUNTER-VINCERE-LEGAL-AND-BUSINESS-GROUP-06-e1658433702951.png&#8221; min_height=&#8221;289px&#8221; custom_padding=&#8221;0px||2px|||&#8221;][\/et_pb_section][et_pb_section fb_built=&#8221;1&#8243; _builder_version=&#8221;4.6.6&#8243; _module_preset=&#8221;default&#8221; background_color=&#8221;rgba(0,0,0,0)&#8221; min_height=&#8221;451.1px&#8221; custom_margin=&#8221;-110px|||||&#8221; custom_padding=&#8221;112px||0px|||&#8221;][et_pb_row column_structure=&#8221;1_2,1_2&#8243; _builder_version=&#8221;4.6.6&#8243; _module_preset=&#8221;default&#8221; animation_style=&#8221;fade&#8221;][et_pb_column type=&#8221;1_2&#8243; _builder_version=&#8221;4.6.6&#8243; _module_preset=&#8221;default&#8221;][et_pb_circle_counter title=&#8221;Tenemos un gran porcentaje de satisfacci\u00f3n al cliente, que demuestra nuestro profesionalismo y entrega en cada uno de los procesos y asesor\u00edas.&#8221; number=&#8221;99%&#8221; bar_bg_color=&#8221;#ffffff&#8221; _builder_version=&#8221;4.6.6&#8243; _module_preset=&#8221;default&#8221; title_text_color=&#8221;#ffffff&#8221; number_text_color=&#8221;#ffffff&#8221;][\/et_pb_circle_counter][\/et_pb_column][et_pb_column type=&#8221;1_2&#8243; _builder_version=&#8221;4.6.6&#8243; _module_preset=&#8221;default&#8221;][et_pb_text _builder_version=&#8221;4.6.6&#8243; _module_preset=&#8221;default&#8221;]<\/p>\n<h1 style=\"text-align: center;\"><span style=\"color: #ffffff;\"><strong>Valores Corporativos<\/strong><\/span><\/h1>\n<p>[\/et_pb_text][et_pb_text _builder_version=&#8221;4.6.6&#8243; _module_preset=&#8221;default&#8221;]<\/p>\n<h3 style=\"text-align: center;\"><span style=\"color: #ffffff;\"><strong>Seguridad:<\/strong><strong style=\"font-size: 14px;\">\u00a0<\/strong><\/span><\/h3>\n<p style=\"text-align: justify;\"><span style=\"color: #ffffff;\"><strong>VINCERE Legal &amp; Business Group<\/strong> es un grupo jur\u00eddico y de negocios que equipara, a trav\u00e9s de los procesos judiciales y extrajudiciales, una sujeci\u00f3n s\u00f3lida a la \u00e9tica y a la Ley bajo pilares profesionales y t\u00e9cnicos centrados en la experiencia y en la b\u00fasqueda de la garant\u00eda efectiva de los derechos de nuestros clientes.<\/span><\/p>\n<p>[\/et_pb_text][et_pb_text _builder_version=&#8221;4.6.6&#8243; _module_preset=&#8221;default&#8221;]<\/p>\n<h3 style=\"text-align: center;\"><span style=\"color: #ffffff;\"><strong>Confidencialidad:<\/strong><strong>\u00a0<\/strong><\/span><\/h3>\n<p style=\"text-align: justify;\"><span style=\"color: #ffffff;\">Contamos con un equipo profesional emp\u00e1tico y transparente, que comprende la relevancia de la informaci\u00f3n suministrada a <strong>VINCERE Legal &amp; Business Group<\/strong> por cada uno de nuestros clientes; por ello, nos abstenemos de revelar informaci\u00f3n personal, t\u00e9cnica, sensible y aquellas que pongan en riesgo la integridad de las personas; dando as\u00ed, estricto cumplimiento a la Ley de protecci\u00f3n y tratamiento de datos, fundado hacia una \u00e9tica profesional.<\/span><\/p>\n<p>[\/et_pb_text][\/et_pb_column][\/et_pb_row][\/et_pb_section][et_pb_section fb_built=&#8221;1&#8243; _builder_version=&#8221;4.6.6&#8243; _module_preset=&#8221;default&#8221; custom_padding=&#8221;0px||5px|||&#8221;][et_pb_row column_structure=&#8221;1_2,1_2&#8243; _builder_version=&#8221;4.6.6&#8243; _module_preset=&#8221;default&#8221; animation_style=&#8221;fade&#8221;][et_pb_column type=&#8221;1_2&#8243; _builder_version=&#8221;4.6.6&#8243; _module_preset=&#8221;default&#8221;][et_pb_text _builder_version=&#8221;4.6.6&#8243; _module_preset=&#8221;default&#8221;]<\/p>\n<h3 style=\"text-align: center;\"><strong>Celeridad:<\/strong><\/h3>\n<p style=\"text-align: justify;\">Conocedores de la necesidad que embarga a cada una de las personas que acuden a <strong>VINCERE Legal &amp; Business Group<\/strong> para la resoluci\u00f3n de un conflicto y la protecci\u00f3n de derechos, nuestro equipo profesional trabaja con prontitud en cada una de las etapas judiciales, extrajudiciales y administrativas, dando cumplimiento a los t\u00e9rminos y procesos reglados; con el fin de obtener resultados en plazos oportunos, evitando caer en dilaci\u00f3n.<\/p>\n<p>[\/et_pb_text][\/et_pb_column][et_pb_column type=&#8221;1_2&#8243; _builder_version=&#8221;4.6.6&#8243; _module_preset=&#8221;default&#8221;][et_pb_text _builder_version=&#8221;4.6.6&#8243; _module_preset=&#8221;default&#8221;]<\/p>\n<h3 style=\"text-align: center;\"><strong>Cumplimiento:<\/strong><strong>\u00a0<\/strong><\/h3>\n<p style=\"text-align: justify;\">Nuestro equipo Profesional trabaja en pro del cumplimiento de los compromisos adquiridos y convenidos con nuestros clientes, acatando las obligaciones de hacer legalizadas a trav\u00e9s de un contrato, tendiendo a satisfacer las necesidades de nuestros clientes dentro de un margen \u00e9tico y legal.<\/p>\n<p>[\/et_pb_text][\/et_pb_column][\/et_pb_row][et_pb_row column_structure=&#8221;1_2,1_2&#8243; _builder_version=&#8221;4.6.6&#8243; _module_preset=&#8221;default&#8221; animation_style=&#8221;fade&#8221;][et_pb_column type=&#8221;1_2&#8243; _builder_version=&#8221;4.6.6&#8243; _module_preset=&#8221;default&#8221;][et_pb_text _builder_version=&#8221;4.6.6&#8243; _module_preset=&#8221;default&#8221;]<\/p>\n<h3 style=\"text-align: center;\"><strong>Confianza:<\/strong><strong>\u00a0<\/strong><\/h3>\n<p style=\"text-align: justify;\">Comprendiendo la importancia que representa el hecho de depositar por parte de una persona una afectaci\u00f3n de un Derecho y\/o oportunidad a un tercero, para hacerse efectivo; nuestro equipo profesional se forja en brindar seguridad a nuestros clientes dando cumplimiento a los postulados constitucionales, vinculando a la Buena fe, como factor predominante en la consecuci\u00f3n de nuestras actividades, velando por actuar bajo la \u00e9tica y la Ley.<\/p>\n<p>[\/et_pb_text][\/et_pb_column][et_pb_column type=&#8221;1_2&#8243; _builder_version=&#8221;4.6.6&#8243; _module_preset=&#8221;default&#8221;][et_pb_text _builder_version=&#8221;4.6.6&#8243; _module_preset=&#8221;default&#8221;]<\/p>\n<h3 style=\"text-align: center;\"><strong>Honestidad: <\/strong><\/h3>\n<p style=\"text-align: justify;\"><strong>\u00a0<\/strong><strong>VINCERE Legal &amp; Business Group <\/strong>es un equipo profesional congruente, que busca por medio de una comunicaci\u00f3n asertiva brindar y comunicar a nuestros clientes las posibles oportunidades jur\u00eddicas y empresariales frente a las cuales podemos representarlos. Lo anterior, dentro del \u00e1mbito de la sinceridad, la justicia y el respeto mutuo.<\/p>\n<p>&nbsp;<\/p>\n<p>[\/et_pb_text][\/et_pb_column][\/et_pb_row][\/et_pb_section]<\/p>\n","protected":false},"excerpt":{"rendered":"<p>[et_pb_section fb_built=&#8221;1&#8243; _builder_version=&#8221;4.6.6&#8243; _module_preset=&#8221;default&#8221; background_image=&#8221;https:\/\/vincere.com.co\/wp-content\/uploads\/2022\/07\/COUNTER-VINCERE-LEGAL-AND-BUSINESS-GROUP-06-e1658433702951.png&#8221; min_height=&#8221;289px&#8221; custom_padding=&#8221;0px||2px|||&#8221;][\/et_pb_section][et_pb_section fb_built=&#8221;1&#8243; _builder_version=&#8221;4.6.6&#8243; _module_preset=&#8221;default&#8221; background_color=&#8221;rgba(0,0,0,0)&#8221; min_height=&#8221;451.1px&#8221; custom_margin=&#8221;-110px|||||&#8221; custom_padding=&#8221;112px||0px|||&#8221;][et_pb_row column_structure=&#8221;1_2,1_2&#8243; _builder_version=&#8221;4.6.6&#8243; _module_preset=&#8221;default&#8221; animation_style=&#8221;fade&#8221;][et_pb_column type=&#8221;1_2&#8243; _builder_version=&#8221;4.6.6&#8243; _module_preset=&#8221;default&#8221;][et_pb_circle_counter title=&#8221;Tenemos un gran porcentaje de satisfacci\u00f3n al cliente, que demuestra nuestro profesionalismo y entrega en cada uno de los procesos y asesor\u00edas.&#8221; number=&#8221;99%&#8221; bar_bg_color=&#8221;#ffffff&#8221; _builder_version=&#8221;4.6.6&#8243; _module_preset=&#8221;default&#8221; title_text_color=&#8221;#ffffff&#8221; number_text_color=&#8221;#ffffff&#8221;][\/et_pb_circle_counter][\/et_pb_column][et_pb_column type=&#8221;1_2&#8243; _builder_version=&#8221;4.6.6&#8243; _module_preset=&#8221;default&#8221;][et_pb_text _builder_version=&#8221;4.6.6&#8243; _module_preset=&#8221;default&#8221;] Valores [&hellip;]<\/p>\n","protected":false},"author":1,"featured_media":0,"parent":0,"menu_order":0,"comment_status":"closed","ping_status":"closed","template":"","meta":{"_et_pb_use_builder":"on","_et_pb_old_content":"","_et_gb_content_width":"","footnotes":""},"class_list":["post-66","page","type-page","status-publish","hentry"],"_links":{"self":[{"href":"https:\/\/vincere.com.co\/index.php?rest_route=\/wp\/v2\/pages\/66","targetHints":{"allow":["GET"]}}],"collection":[{"href":"https:\/\/vincere.com.co\/index.php?rest_route=\/wp\/v2\/pages"}],"about":[{"href":"https:\/\/vincere.com.co\/index.php?rest_route=\/wp\/v2\/types\/page"}],"author":[{"embeddable":true,"href":"https:\/\/vincere.com.co\/index.php?rest_route=\/wp\/v2\/users\/1"}],"replies":[{"embeddable":true,"href":"https:\/\/vincere.com.co\/index.php?rest_route=%2Fwp%2Fv2%2Fcomments&post=66"}],"version-history":[{"count":18,"href":"https:\/\/vincere.com.co\/index.php?rest_route=\/wp\/v2\/pages\/66\/revisions"}],"predecessor-version":[{"id":310,"href":"https:\/\/vincere.com.co\/index.php?rest_route=\/wp\/v2\/pages\/66\/revisions\/310"}],"wp:attachment":[{"href":"https:\/\/vincere.com.co\/index.php?rest_route=%2Fwp%2Fv2%2Fmedia&parent=66"}],"curies":[{"name":"wp","href":"https:\/\/api.w.org\/{rel}","templated":true}]}}